{"id":16,"date":"2025-01-27T08:51:21","date_gmt":"2025-01-27T07:51:21","guid":{"rendered":"https:\/\/calongepilates.com\/?page_id=16"},"modified":"2025-04-15T14:32:11","modified_gmt":"2025-04-15T12:32:11","slug":"legal","status":"publish","type":"page","link":"https:\/\/calongepilates.com\/en\/legal\/","title":{"rendered":"Legal notice"},"content":{"rendered":"<style>.elementor-16 .elementor-element.elementor-element-e34bd70{--display:flex;--flex-direction:row;--container-widget-width:calc( ( 1 - var( --container-widget-flex-grow ) ) * 100% );--container-widget-height:100%;--container-widget-flex-grow:1;--container-widget-align-self:stretch;--flex-wrap-mobile:wrap;--align-items:stretch;--gap:10px 10px;--row-gap:10px;--column-gap:10px;--overlay-opacity:0.48;border-style:none;--border-style:none;--border-radius:0px 0px 0px 0px;--margin-top:0px;--margin-bottom:0px;--margin-left:0px;--margin-right:0px;--padding-top:120px;--padding-bottom:0px;--padding-left:0px;--padding-right:0px;--z-index:2;}.elementor-16 .elementor-element.elementor-element-e34bd70:not(.elementor-motion-effects-element-type-background), .elementor-16 .elementor-element.elementor-element-e34bd70 > .elementor-motion-effects-container > .elementor-motion-effects-layer{background-color:var( --e-global-color-f81cc9c );}.elementor-16 .elementor-element.elementor-element-e34bd70::before, .elementor-16 .elementor-element.elementor-element-e34bd70 > .elementor-background-video-container::before, .elementor-16 .elementor-element.elementor-element-e34bd70 > .e-con-inner > .elementor-background-video-container::before, .elementor-16 .elementor-element.elementor-element-e34bd70 > .elementor-background-slideshow::before, .elementor-16 .elementor-element.elementor-element-e34bd70 > .e-con-inner > .elementor-background-slideshow::before, .elementor-16 .elementor-element.elementor-element-e34bd70 > .elementor-motion-effects-container > .elementor-motion-effects-layer::before{--background-overlay:'';}.elementor-16 .elementor-element.elementor-element-997e065{--display:flex;--justify-content:center;border-style:solid;--border-style:solid;border-width:0px 0px 0px 0px;--border-top-width:0px;--border-right-width:0px;--border-bottom-width:0px;--border-left-width:0px;border-color:#D39D71;--border-color:#D39D71;--padding-top:50px;--padding-bottom:0px;--padding-left:0px;--padding-right:0px;}.elementor-16 .elementor-element.elementor-element-88e8bbe{text-align:center;width:100%;max-width:100%;z-index:2;}.elementor-16 .elementor-element.elementor-element-88e8bbe .elementor-heading-title{font-family:var( --e-global-typography-9550428-font-family ), Sans-serif;font-size:var( --e-global-typography-9550428-font-size );font-weight:var( --e-global-typography-9550428-font-weight );line-height:var( --e-global-typography-9550428-line-height );letter-spacing:var( --e-global-typography-9550428-letter-spacing );word-spacing:var( --e-global-typography-9550428-word-spacing );color:var( --e-global-color-10242b9 );}.elementor-16 .elementor-element.elementor-element-88e8bbe > .elementor-widget-container{margin:0px 0px -65px 0px;}.elementor-16 .elementor-element.elementor-element-754200e{--display:flex;--flex-direction:column;--container-widget-width:100%;--container-widget-height:initial;--container-widget-flex-grow:0;--container-widget-align-self:initial;--flex-wrap-mobile:wrap;--margin-top:160px;--margin-bottom:120px;--margin-left:0px;--margin-right:0px;}@media(max-width:1024px){.elementor-16 .elementor-element.elementor-element-e34bd70{--padding-top:100px;--padding-bottom:0px;--padding-left:0px;--padding-right:0px;}.elementor-16 .elementor-element.elementor-element-997e065{--padding-top:50px;--padding-bottom:50px;--padding-left:50px;--padding-right:50px;}.elementor-16 .elementor-element.elementor-element-88e8bbe .elementor-heading-title{font-size:var( --e-global-typography-9550428-font-size );line-height:var( --e-global-typography-9550428-line-height );letter-spacing:var( --e-global-typography-9550428-letter-spacing );word-spacing:var( --e-global-typography-9550428-word-spacing );}}@media(max-width:767px){.elementor-16 .elementor-element.elementor-element-997e065{--padding-top:60px;--padding-bottom:60px;--padding-left:20px;--padding-right:20px;}.elementor-16 .elementor-element.elementor-element-88e8bbe .elementor-heading-title{font-size:var( --e-global-typography-9550428-font-size );line-height:var( --e-global-typography-9550428-line-height );letter-spacing:var( --e-global-typography-9550428-letter-spacing );word-spacing:var( --e-global-typography-9550428-word-spacing );}.elementor-16 .elementor-element.elementor-element-88e8bbe > .elementor-widget-container{margin:0px 0px 0px 0px;}}@media(max-width:1024px) and (min-width:768px){.elementor-16 .elementor-element.elementor-element-997e065{--width:100%;}}<\/style>\t\t<div data-elementor-type=\"wp-page\" data-elementor-id=\"16\" class=\"elementor elementor-16\" data-elementor-post-type=\"page\">\n\t\t\t\t<div class=\"elementor-element elementor-element-e34bd70 e-flex e-con-boxed elementor-invisible e-con e-parent\" data-id=\"e34bd70\" data-element_type=\"container\" data-e-type=\"container\" data-settings=\"{&quot;background_background&quot;:&quot;classic&quot;,&quot;animation&quot;:&quot;fadeIn&quot;}\">\n\t\t\t\t\t<div class=\"e-con-inner\">\n\t\t<div class=\"elementor-element elementor-element-997e065 e-con-full e-flex e-con e-child\" data-id=\"997e065\" data-element_type=\"container\" data-e-type=\"container\" data-settings=\"{&quot;background_background&quot;:&quot;classic&quot;}\">\n\t\t\t\t<div class=\"elementor-element elementor-element-88e8bbe elementor-widget__width-inherit elementor-invisible elementor-widget elementor-widget-heading\" data-id=\"88e8bbe\" data-element_type=\"widget\" data-e-type=\"widget\" data-settings=\"{&quot;_animation&quot;:&quot;fadeInDown&quot;}\" data-widget_type=\"heading.default\">\n\t\t\t\t<div class=\"elementor-widget-container\">\n\t\t\t\t\t<h1 class=\"elementor-heading-title elementor-size-default\">Legal notice<\/h1>\t\t\t\t<\/div>\n\t\t\t\t<\/div>\n\t\t\t\t<\/div>\n\t\t\t\t\t<\/div>\n\t\t\t\t<\/div>\n\t\t<div class=\"elementor-element elementor-element-754200e e-flex e-con-boxed e-con e-parent\" data-id=\"754200e\" data-element_type=\"container\" data-e-type=\"container\">\n\t\t\t\t\t<div class=\"e-con-inner\">\n\t\t\t\t<div class=\"elementor-element elementor-element-64eb3b3 elementor-widget elementor-widget-text-editor\" data-id=\"64eb3b3\" data-element_type=\"widget\" data-e-type=\"widget\" data-widget_type=\"text-editor.default\">\n\t\t\t\t<div class=\"elementor-widget-container\">\n\t\t\t\t\t\t\t\t\t<h3><span>I. GENERAL INFORMATION<\/span><\/h3><p><span>In compliance with the duty of information established in the Law 34\/2002 of Services of the Information Society and Electronic Commerce (LSSI-CE) of 11 July, provided below, the general information data of this website following:<\/span><\/p><p><span>The owner of this website,<\/span><span class=\"blanc-space ng-binding\"><span>https:\/\/calongepilates.com\/<\/span><\/span><span>(hereinafter, Website) holds:<\/span><span class=\"blanc-space ng-binding\">Cristina Altimira M\u00e9ndez<\/span><span>, with NIF:<\/span><span class=\"blanc-space ng-binding\"><span>46605927S<\/span><\/span><span>, and the contact details of which are:<\/span><\/p><p><span>Address:<\/span><span class=\"blanc-space ng-binding\"><span>Street Almonds 16, 17250 Calonge, Girona<\/span><\/span><\/p><p><span>Phone:<\/span><span class=\"blanc-space ng-binding\"><span>+34611 56 43 99<\/span><\/span><\/p><p><span>Email contact:<\/span><span class=\"blanc-space ng-binding\"><span>cristina.altimira@hotmail.es<\/span><\/span><\/p><h3><span>II. TERMS AND CONDITIONS Of USE<\/span><\/h3><h4><span>The object of the following conditions: The Website<\/span><\/h4><p><span>The object of these General Conditions of Use (hereinafter, Terms) is to regulate the access to and the use of the Website. For the purposes of the present terms and Conditions shall be understood as the Website: the external appearance of the interfaces screen, both in a static state, such as in a dynamic way, that is to say, the navigation tree; and all the elements integrated in both the interfaces of the screen in the navigation tree (hereinafter referred to as Content), and all of those services or resources online that may offer to Users (hereinafter, Services).<\/span><\/p><p><span class=\"blanc-space ng-binding\"><span>Calonge Pilates Studio<\/span><\/span><span>reserves the right to modify, at any time, and without prior notice, the presentation and configuration of the Website and of the Contents and Services that could be incorporated. The User acknowledges and accepts that at any time<\/span><span class=\"blanc-space ng-binding\"><span>Calonge Pilates Studio<\/span><\/span><span>may interrupt, deactivate and\/or cancel any of these elements that are integrated in your Website or accessing it.<\/span><\/p><p><span>Access to the Website by the User is free and, as a general rule, it is free without the User having to provide a consideration to be able to enjoy it, except for the cost of connection through the telecommunications network provided by the access provider that has contracted the User.<\/span><\/p><p><span>The use of any of the contents or services of the website may be made by the subscription or prior registration of the user.<\/span><\/p><h4><span>User<\/span><\/h4><p><span>The access, navigation and use of the Website,\u00a0<\/span><span>as well as the spaces for interaction between Users, and the User and<\/span><span class=\"blanc-space ng-binding\"><span>Calonge Pilates Studio<\/span><\/span><span>as reviews and\/or areas of blogging,<\/span><span>\u00a0confers the condition of User, which accepts, from which starts the navigation of the Website, all of the Conditions set forth herein, as well as the subsequent modifications, without prejudice to the application of the relevant legal regulations obligatory according to the case. Given the significance of the above, it is recommended that the User read them each time you visit the Website.<\/span><\/p><p><span>The Web Site of<\/span><span class=\"blanc-space ng-binding\"><span>Calonge Pilates Studio<\/span><\/span><span>provides a great diversity of information, services and data. The User assumes his responsibility to make a correct use of the Website. This responsibility will extend to:<\/span><\/p><ul><li><span>Use of the information, Content and\/or Services and data offered by<\/span><span class=\"blanc-space ng-binding\"><span>Calonge Pilates Studio<\/span><\/span><span>without it being contrary to the provisions of these terms and Conditions, the Law, morals or public order, or which otherwise may involve injury to the rights of third parties or the same functioning of the Website.<\/span><\/li><li><span>The veracity and legality of the information provided by the User in the forms issued by<\/span><span class=\"blanc-space ng-binding\"><span>Calonge Pilates Studio<\/span><\/span><span>for access to certain content or services offered by the Website. In any case, the User will be notified immediately<\/span><span class=\"blanc-space ng-binding\"><span>Calonge Pilates Studio<\/span><\/span><span>about any fact that allows the improper use of the information recorded on these forms, such as, but not limited to, theft, loss, or unauthorized access to identifiers and\/or passwords, in order to proceed to cancel it immediately.<\/span><\/li><\/ul><p><span class=\"blanc-space ng-binding\"><span>Calonge Pilates Studio<\/span><\/span><span>reserves the right to withdraw all those comments and contributions that violate the law, the respect for the dignity of the person, which are discriminatory, xenophobic, racist, pornographic, spamming, that attempt against youth or childhood, order or public security or that, in his opinion, not were suitable for publication.<\/span><\/p><p><span>In any case,<\/span><span class=\"blanc-space ng-binding\"><span>Calonge Pilates Studio<\/span><\/span><span>will not be responsible for the views expressed by Users through comments or other tools for blogging or participation that may exist.<\/span><\/p><p><span>The mere access to this Website does not engage in any type of relationship of a commercial nature between<\/span><span class=\"blanc-space ng-binding\"><span>Calonge Pilates Studio<\/span><\/span><span>and the User.<\/span><\/p><p><span>The User declares to be of legal age and have sufficient legal capacity to be bound by these terms and Conditions. Therefore, this Website<\/span><span class=\"blanc-space ng-binding\"><span>Calonge Pilates Studio<\/span><\/span><span>not aimed at minors.<\/span><span class=\"blanc-space ng-binding\"><span>Calonge Pilates Studio<\/span><\/span><span>disclaims any liability for breach of this requirement.<\/span><\/p><p><span>The Website is primarily aimed at Users residing in<\/span><span class=\"blanc-space ng-binding\"><span>Spain<\/span><\/span><span>.<\/span><span class=\"blanc-space ng-binding\"><span>Calonge Pilates Studio<\/span><\/span><span>does not ensure that the Website complies with laws of other countries, either totally or partially. If the User resides or has its domiciled in another place and decide to access and\/or browse in the Website, it will be at your own responsibility, to make sure that this access and navigation complies with the local laws that is applicable, not being<\/span><span class=\"blanc-space ng-binding\"><span>Calonge Pilates Studio<\/span><\/span><span>any liability that may arise.<\/span><\/p><h3><span>III. ACCESS AND NAVIGATION TO THE WEB SITE: - EXCLUSION OF GUARANTEES AND RESPONSIBILITY<\/span><\/h3><p><span class=\"blanc-space ng-binding\"><span>Calonge Pilates Studio<\/span><\/span><span>does not guarantee the continuity, availability and usefulness of the Website, or the Content or Services.<\/span><span class=\"blanc-space ng-binding\"><span>Calonge Pilates Studio<\/span><\/span><span>will do everything possible for the good functioning of the Website, but will not be held responsible nor guarantee that access to this Website will not be uninterrupted or error-free.<\/span><\/p><p><span>Nor are responsible for, or guarantee that the content or software which you may access through this Web Site will be free of error or cause damage to the computer system (software and hardware) of the User. In any case<\/span><span class=\"blanc-space ng-binding\"><span>Calonge Pilates Studio<\/span><\/span><span>will be responsible for losses or damages of any kind arising from the access, navigation and use of the Website, including, but not limited to, those caused to computer systems or those caused by the introduction of viruses.<\/span><\/p><p><span class=\"blanc-space ng-binding\"><span>Calonge Pilates Studio<\/span><\/span><span>it will not be liable for any damage that may occur to users by improper use of this Website. In particular, it is not responsible in any way for the falls, interruptions, lack or defect of telecommunications that may occur.<\/span><\/p><h3><span>IV. LINKS POLICY<\/span><\/h3><p><span>The User or a third party to make a hyperlink from one web page to another, different, place to the website of<\/span><span class=\"blanc-space ng-binding\"><span>Calonge Pilates Studio<\/span><\/span><span>you must know that:<\/span><\/p><p><span>May not be reproduced \u2014completely or partially, of any of the Contents and\/or Services on the Website without the express authorization of<\/span><span class=\"blanc-space ng-binding\"><span>Calonge Pilates Studio<\/span><\/span><span>.<\/span><\/p><p><span>Don&#039;t allow no false, inexact or incorrect on the Website<\/span><span class=\"blanc-space ng-binding\"><span>Calonge Pilates Studio<\/span><\/span><span>nor on the Content and\/or Services of the same.<\/span><\/p><p><span>With the exception of the &#034;hyperlink&#034;, the website on which it is established, this link does not contain any element of this Website, protected as intellectual property by the Spanish legal system, except by express authorization of<\/span><span class=\"blanc-space ng-binding\"><span>Calonge Pilates Studio<\/span><\/span><span>.<\/span><\/p><p><span>The establishment of the hyperlink does not imply the existence of relations between<\/span><span class=\"blanc-space ng-binding\"><span>Calonge Pilates Studio<\/span><\/span><span>and the owner of the web site from which it is made, nor the knowledge and acceptance of<\/span><span class=\"blanc-space ng-binding\"><span>Calonge Pilates Studio<\/span><\/span><span>the contents, services and\/or activities offered on this web site, and vice versa.<\/span><\/p><h3><span>V. INTELLECTUAL AND INDUSTRIAL PROPERTY<\/span><\/h3><p><span class=\"blanc-space ng-binding\"><span>Calonge Pilates Studio<\/span><\/span><span>by itself or as part assignee, is the owner of all the rights of intellectual and industrial property rights of the Website, as well as the elements contained in it (for example and not limited to, images, sound, audio, video, software or texts, trademarks or logos, combinations of colors, structure and design, selection of materials used, computer programs necessary for its operation). They will, therefore, works protected as intellectual property by the Spanish legal system, and will be applicable both Spanish and eu regulations in this field, such as international treaties relating to the subject and signed by Spain.<\/span><\/p><p><span>All rights reserved. By virtue of the provisions of the Law on intellectual property, are expressly prohibited reproduction, distribution and public communication, including its modality of making available, of all or part of the contents of this web page, with commercial ends, in any support and by any technical media, without the authorization of<\/span><span class=\"blanc-space ng-binding\"><span>Calonge Pilates Studio<\/span><\/span><span>.<\/span><\/p><p><span>The User undertakes to respect the rights of industrial and intellectual property<\/span><span class=\"blanc-space ng-binding\"><span>Calonge Pilates Studio<\/span><\/span><span>. You can view the elements of the Web Site or even print them, copy them and store them on the hard drive of your computer or in any other physical support provided that it is exclusively for your personal use. The User, however, you may not remove, alter, or manipulate any protection device or security system that was installed on the Website.<\/span><\/p><p><span>In the event that the User or third party considers that any of the Content on the Website implies a violation of the rights of intellectual property protection, it must be immediately communicated to<\/span><span class=\"blanc-space ng-binding\"><span>Calonge Pilates Studio<\/span><\/span><span>through the contact details from the information section GENERAL this Legal Notice and the terms and Conditions of use.<\/span><\/p><h3><span>VI. LEGAL ACTIONS, APPLICABLE LEGISLATION AND JURISDICTION<\/span><\/h3><p><span class=\"blanc-space ng-binding\"><span>Calonge Pilates Studio<\/span><\/span><span>reserves the right to present civil or criminal actions it deems necessary to the unauthorised use of the Website and Contents or for the breach of these Conditions.<\/span><\/p><p><span>The relationship between the User and<\/span><span class=\"blanc-space ng-binding\"><span>Calonge Pilates Studio<\/span><\/span><span>will be governed by the regulations in force and applicable in Spanish territory. If there arises any dispute in relation to the interpretation and\/or application of these terms and Conditions, the parties agree to submit their disputes to the ordinary jurisdiction, subject to the judges and courts that apply in accordance with the law.<\/span><\/p>\t\t\t\t\t\t\t\t<\/div>\n\t\t\t\t<\/div>\n\t\t\t\t\t<\/div>\n\t\t\t\t<\/div>\n\t\t\t\t<\/div>","protected":false},"excerpt":{"rendered":"<p>I. INFORMACI\u00d3 GENERAL En compliment amb el deure informaci\u00f3 disposat a la Llei 34\/2002 de Serveis de la Societat de la Informaci\u00f3 i el Comer\u00e7 Electr\u00f2nic (LSSI-CE) d&#8217;11 de juliol, es faciliten a continuaci\u00f3 les dades d&#8217;informaci\u00f3 general d&#8217;aquest lloc web seg\u00fcents: La titularitat d&#8217;aquest lloc web,https:\/\/calongepilates.com\/, (d&#8217;ara endavant, Lloc Web) l&#8217;ostenta:Cristina Altimira M\u00e9ndez, amb [&hellip;]<\/p>\n","protected":false},"author":2,"featured_media":0,"parent":0,"menu_order":0,"comment_status":"closed","ping_status":"open","template":"elementor_header_footer","meta":{"_joinchat":[],"footnotes":""},"class_list":["post-16","page","type-page","status-publish","hentry"],"yoast_head":"<!-- This site is optimized with the Yoast SEO plugin v27.3 - https:\/\/yoast.com\/product\/yoast-seo-wordpress\/ -->\n<title>Av\u00eds legal - Calonge Pilates Studio<\/title>\n<meta name=\"robots\" content=\"noindex, follow\" \/>\n<meta property=\"og:locale\" content=\"en_US\" \/>\n<meta property=\"og:type\" content=\"article\" \/>\n<meta property=\"og:title\" content=\"Av\u00eds legal - Calonge Pilates Studio\" \/>\n<meta property=\"og:description\" content=\"I. INFORMACI\u00d3 GENERAL En compliment amb el deure informaci\u00f3 disposat a la Llei 34\/2002 de Serveis de la Societat de la Informaci\u00f3 i el Comer\u00e7 Electr\u00f2nic (LSSI-CE) d&#8217;11 de juliol, es faciliten a continuaci\u00f3 les dades d&#8217;informaci\u00f3 general d&#8217;aquest lloc web seg\u00fcents: La titularitat d&#8217;aquest lloc web,https:\/\/calongepilates.com\/, (d&#8217;ara endavant, Lloc Web) l&#8217;ostenta:Cristina Altimira M\u00e9ndez, amb [&hellip;]\" \/>\n<meta property=\"og:url\" content=\"https:\/\/calongepilates.com\/en\/legal\/\" \/>\n<meta property=\"og:site_name\" content=\"Calonge Pilates Studio\" \/>\n<meta property=\"article:modified_time\" content=\"2025-04-15T12:32:11+00:00\" \/>\n<meta name=\"twitter:card\" content=\"summary_large_image\" \/>\n<meta name=\"twitter:label1\" content=\"Est. reading time\" \/>\n\t<meta name=\"twitter:data1\" content=\"7 minutes\" \/>\n<script type=\"application\/ld+json\" class=\"yoast-schema-graph\">{\"@context\":\"https:\\\/\\\/schema.org\",\"@graph\":[{\"@type\":\"WebPage\",\"@id\":\"https:\\\/\\\/calongepilates.com\\\/legal\\\/\",\"url\":\"https:\\\/\\\/calongepilates.com\\\/legal\\\/\",\"name\":\"Av\u00eds legal - Calonge Pilates Studio\",\"isPartOf\":{\"@id\":\"https:\\\/\\\/calongepilates.com\\\/#website\"},\"datePublished\":\"2025-01-27T07:51:21+00:00\",\"dateModified\":\"2025-04-15T12:32:11+00:00\",\"breadcrumb\":{\"@id\":\"https:\\\/\\\/calongepilates.com\\\/legal\\\/#breadcrumb\"},\"inLanguage\":\"en-US\",\"potentialAction\":[{\"@type\":\"ReadAction\",\"target\":[\"https:\\\/\\\/calongepilates.com\\\/legal\\\/\"]}]},{\"@type\":\"BreadcrumbList\",\"@id\":\"https:\\\/\\\/calongepilates.com\\\/legal\\\/#breadcrumb\",\"itemListElement\":[{\"@type\":\"ListItem\",\"position\":1,\"name\":\"Portada\",\"item\":\"https:\\\/\\\/calongepilates.com\\\/\"},{\"@type\":\"ListItem\",\"position\":2,\"name\":\"Av\u00eds legal\"}]},{\"@type\":\"WebSite\",\"@id\":\"https:\\\/\\\/calongepilates.com\\\/#website\",\"url\":\"https:\\\/\\\/calongepilates.com\\\/\",\"name\":\"Calonge Pilates Studio\",\"description\":\"\",\"potentialAction\":[{\"@type\":\"SearchAction\",\"target\":{\"@type\":\"EntryPoint\",\"urlTemplate\":\"https:\\\/\\\/calongepilates.com\\\/?s={search_term_string}\"},\"query-input\":{\"@type\":\"PropertyValueSpecification\",\"valueRequired\":true,\"valueName\":\"search_term_string\"}}],\"inLanguage\":\"en-US\"}]}<\/script>\n<!-- \/ Yoast SEO plugin. -->","yoast_head_json":{"title":"Av\u00eds legal - Calonge Pilates Studio","robots":{"index":"noindex","follow":"follow"},"og_locale":"en_US","og_type":"article","og_title":"Av\u00eds legal - Calonge Pilates Studio","og_description":"I. INFORMACI\u00d3 GENERAL En compliment amb el deure informaci\u00f3 disposat a la Llei 34\/2002 de Serveis de la Societat de la Informaci\u00f3 i el Comer\u00e7 Electr\u00f2nic (LSSI-CE) d&#8217;11 de juliol, es faciliten a continuaci\u00f3 les dades d&#8217;informaci\u00f3 general d&#8217;aquest lloc web seg\u00fcents: La titularitat d&#8217;aquest lloc web,https:\/\/calongepilates.com\/, (d&#8217;ara endavant, Lloc Web) l&#8217;ostenta:Cristina Altimira M\u00e9ndez, amb [&hellip;]","og_url":"https:\/\/calongepilates.com\/en\/legal\/","og_site_name":"Calonge Pilates Studio","article_modified_time":"2025-04-15T12:32:11+00:00","twitter_card":"summary_large_image","twitter_misc":{"Est. reading time":"7 minutes"},"schema":{"@context":"https:\/\/schema.org","@graph":[{"@type":"WebPage","@id":"https:\/\/calongepilates.com\/legal\/","url":"https:\/\/calongepilates.com\/legal\/","name":"Av\u00eds legal - Calonge Pilates Studio","isPartOf":{"@id":"https:\/\/calongepilates.com\/#website"},"datePublished":"2025-01-27T07:51:21+00:00","dateModified":"2025-04-15T12:32:11+00:00","breadcrumb":{"@id":"https:\/\/calongepilates.com\/legal\/#breadcrumb"},"inLanguage":"en-US","potentialAction":[{"@type":"ReadAction","target":["https:\/\/calongepilates.com\/legal\/"]}]},{"@type":"BreadcrumbList","@id":"https:\/\/calongepilates.com\/legal\/#breadcrumb","itemListElement":[{"@type":"ListItem","position":1,"name":"Portada","item":"https:\/\/calongepilates.com\/"},{"@type":"ListItem","position":2,"name":"Av\u00eds legal"}]},{"@type":"WebSite","@id":"https:\/\/calongepilates.com\/#website","url":"https:\/\/calongepilates.com\/","name":"Calonge Pilates Studio","description":"","potentialAction":[{"@type":"SearchAction","target":{"@type":"EntryPoint","urlTemplate":"https:\/\/calongepilates.com\/?s={search_term_string}"},"query-input":{"@type":"PropertyValueSpecification","valueRequired":true,"valueName":"search_term_string"}}],"inLanguage":"en-US"}]}},"_links":{"self":[{"href":"https:\/\/calongepilates.com\/en\/wp-json\/wp\/v2\/pages\/16","targetHints":{"allow":["GET"]}}],"collection":[{"href":"https:\/\/calongepilates.com\/en\/wp-json\/wp\/v2\/pages"}],"about":[{"href":"https:\/\/calongepilates.com\/en\/wp-json\/wp\/v2\/types\/page"}],"author":[{"embeddable":true,"href":"https:\/\/calongepilates.com\/en\/wp-json\/wp\/v2\/users\/2"}],"replies":[{"embeddable":true,"href":"https:\/\/calongepilates.com\/en\/wp-json\/wp\/v2\/comments?post=16"}],"version-history":[{"count":12,"href":"https:\/\/calongepilates.com\/en\/wp-json\/wp\/v2\/pages\/16\/revisions"}],"predecessor-version":[{"id":352,"href":"https:\/\/calongepilates.com\/en\/wp-json\/wp\/v2\/pages\/16\/revisions\/352"}],"wp:attachment":[{"href":"https:\/\/calongepilates.com\/en\/wp-json\/wp\/v2\/media?parent=16"}],"curies":[{"name":"wp","href":"https:\/\/api.w.org\/{rel}","templated":true}]}}