{"id":18,"date":"2025-01-27T08:52:13","date_gmt":"2025-01-27T07:52:13","guid":{"rendered":"https:\/\/calongepilates.com\/?page_id=18"},"modified":"2025-04-15T13:57:59","modified_gmt":"2025-04-15T11:57:59","slug":"cookies","status":"publish","type":"page","link":"https:\/\/calongepilates.com\/en\/cookies\/","title":{"rendered":"Cookies policy"},"content":{"rendered":"<style>.elementor-18 .elementor-element.elementor-element-bec9aaa{--display:flex;--flex-direction:row;--container-widget-width:calc( ( 1 - var( --container-widget-flex-grow ) ) * 100% );--container-widget-height:100%;--container-widget-flex-grow:1;--container-widget-align-self:stretch;--flex-wrap-mobile:wrap;--align-items:stretch;--gap:10px 10px;--row-gap:10px;--column-gap:10px;--overlay-opacity:0.48;border-style:none;--border-style:none;--border-radius:0px 0px 0px 0px;--margin-top:0px;--margin-bottom:0px;--margin-left:0px;--margin-right:0px;--padding-top:120px;--padding-bottom:0px;--padding-left:0px;--padding-right:0px;--z-index:2;}.elementor-18 .elementor-element.elementor-element-bec9aaa:not(.elementor-motion-effects-element-type-background), .elementor-18 .elementor-element.elementor-element-bec9aaa > .elementor-motion-effects-container > .elementor-motion-effects-layer{background-color:var( --e-global-color-f81cc9c );}.elementor-18 .elementor-element.elementor-element-bec9aaa::before, .elementor-18 .elementor-element.elementor-element-bec9aaa > .elementor-background-video-container::before, .elementor-18 .elementor-element.elementor-element-bec9aaa > .e-con-inner > .elementor-background-video-container::before, .elementor-18 .elementor-element.elementor-element-bec9aaa > .elementor-background-slideshow::before, .elementor-18 .elementor-element.elementor-element-bec9aaa > .e-con-inner > .elementor-background-slideshow::before, .elementor-18 .elementor-element.elementor-element-bec9aaa > .elementor-motion-effects-container > .elementor-motion-effects-layer::before{--background-overlay:'';}.elementor-18 .elementor-element.elementor-element-3c070e9{--display:flex;--justify-content:center;border-style:solid;--border-style:solid;border-width:0px 0px 0px 0px;--border-top-width:0px;--border-right-width:0px;--border-bottom-width:0px;--border-left-width:0px;border-color:#D39D71;--border-color:#D39D71;--padding-top:50px;--padding-bottom:0px;--padding-left:0px;--padding-right:0px;}.elementor-18 .elementor-element.elementor-element-ee7d1ed{text-align:center;width:100%;max-width:100%;z-index:2;}.elementor-18 .elementor-element.elementor-element-ee7d1ed .elementor-heading-title{font-family:var( --e-global-typography-9550428-font-family ), Sans-serif;font-size:var( --e-global-typography-9550428-font-size );font-weight:var( --e-global-typography-9550428-font-weight );line-height:var( --e-global-typography-9550428-line-height );letter-spacing:var( --e-global-typography-9550428-letter-spacing );word-spacing:var( --e-global-typography-9550428-word-spacing );color:var( --e-global-color-10242b9 );}.elementor-18 .elementor-element.elementor-element-ee7d1ed > .elementor-widget-container{margin:0px 0px -65px 0px;}.elementor-18 .elementor-element.elementor-element-2349afa{--display:flex;--flex-direction:column;--container-widget-width:100%;--container-widget-height:initial;--container-widget-flex-grow:0;--container-widget-align-self:initial;--flex-wrap-mobile:wrap;--margin-top:160px;--margin-bottom:120px;--margin-left:0px;--margin-right:0px;}@media(max-width:1024px){.elementor-18 .elementor-element.elementor-element-bec9aaa{--padding-top:100px;--padding-bottom:0px;--padding-left:0px;--padding-right:0px;}.elementor-18 .elementor-element.elementor-element-3c070e9{--padding-top:50px;--padding-bottom:50px;--padding-left:50px;--padding-right:50px;}.elementor-18 .elementor-element.elementor-element-ee7d1ed .elementor-heading-title{font-size:var( --e-global-typography-9550428-font-size );line-height:var( --e-global-typography-9550428-line-height );letter-spacing:var( --e-global-typography-9550428-letter-spacing );word-spacing:var( --e-global-typography-9550428-word-spacing );}}@media(max-width:767px){.elementor-18 .elementor-element.elementor-element-3c070e9{--padding-top:60px;--padding-bottom:60px;--padding-left:20px;--padding-right:20px;}.elementor-18 .elementor-element.elementor-element-ee7d1ed .elementor-heading-title{font-size:var( --e-global-typography-9550428-font-size );line-height:var( --e-global-typography-9550428-line-height );letter-spacing:var( --e-global-typography-9550428-letter-spacing );word-spacing:var( --e-global-typography-9550428-word-spacing );}.elementor-18 .elementor-element.elementor-element-ee7d1ed > .elementor-widget-container{margin:0px 0px 0px 0px;}}@media(max-width:1024px) and (min-width:768px){.elementor-18 .elementor-element.elementor-element-3c070e9{--width:100%;}}<\/style>\t\t<div data-elementor-type=\"wp-page\" data-elementor-id=\"18\" class=\"elementor elementor-18\" data-elementor-post-type=\"page\">\n\t\t\t\t<div class=\"elementor-element elementor-element-bec9aaa e-flex e-con-boxed elementor-invisible e-con e-parent\" data-id=\"bec9aaa\" data-element_type=\"container\" data-e-type=\"container\" data-settings=\"{&quot;background_background&quot;:&quot;classic&quot;,&quot;animation&quot;:&quot;fadeIn&quot;}\">\n\t\t\t\t\t<div class=\"e-con-inner\">\n\t\t<div class=\"elementor-element elementor-element-3c070e9 e-con-full e-flex e-con e-child\" data-id=\"3c070e9\" data-element_type=\"container\" data-e-type=\"container\" data-settings=\"{&quot;background_background&quot;:&quot;classic&quot;}\">\n\t\t\t\t<div class=\"elementor-element elementor-element-ee7d1ed elementor-widget__width-inherit elementor-invisible elementor-widget elementor-widget-heading\" data-id=\"ee7d1ed\" data-element_type=\"widget\" data-e-type=\"widget\" data-settings=\"{&quot;_animation&quot;:&quot;fadeInDown&quot;}\" data-widget_type=\"heading.default\">\n\t\t\t\t<div class=\"elementor-widget-container\">\n\t\t\t\t\t<h1 class=\"elementor-heading-title elementor-size-default\">Cookies policy<\/h1>\t\t\t\t<\/div>\n\t\t\t\t<\/div>\n\t\t\t\t<\/div>\n\t\t\t\t\t<\/div>\n\t\t\t\t<\/div>\n\t\t<div class=\"elementor-element elementor-element-2349afa e-flex e-con-boxed e-con e-parent\" data-id=\"2349afa\" data-element_type=\"container\" data-e-type=\"container\">\n\t\t\t\t\t<div class=\"e-con-inner\">\n\t\t\t\t<div class=\"elementor-element elementor-element-2ed0762 elementor-widget elementor-widget-text-editor\" data-id=\"2ed0762\" data-element_type=\"widget\" data-e-type=\"widget\" data-widget_type=\"text-editor.default\">\n\t\t\t\t<div class=\"elementor-widget-container\">\n\t\t\t\t\t\t\t\t\t<p><span>Access to this Website may involve the use of cookies. Cookies are small pieces of information that are stored in the browser used by each User -in the different devices that can be used to navigate - so that the server remembers certain information that later and only the server that implemented it will read. Cookies facilitate navigation, make it more user-friendly, and do not damage the navigation device.<\/span><\/p><p><span>Cookies are automatic procedures for collecting information related to the preferences determined by the User during the visit on the Website, in order to recognize it as a User, and customize your experience and the use of the Website, and can also, for example, help to identify and solve errors.<\/span><\/p><p><span>The information collected through cookies may include the date and time of visits to the Site, the pages seen, the time that has been on the Website, and the sites visited just before and after. However, no cookie allows that the same may be able to contact the phone number of the User, or any other means of personal contact. No cookie can&#039;t extract information from the User&#039;s hard drive or steal personal information. The only way that the private information of the User is part of the file Cookie is that the user gives to you personally this information to the server.<\/span><\/p><p><span>Cookies that make it possible to identify a person are considered personal data. Therefore, the same will be applicable Privacy Policy described above. In this sense, in order to use them will be necessary for the consent of the User. This consent will be communicated, in base in a choice of authentic, offered by a decision in the affirmative and positive, before the initial treatment, removable and documented.<\/span><\/p><div class=\"\"><h4><span>Cookies own<\/span><\/h4><p><span>Are those cookies that are sent to the computer or device of the User and managed exclusively by<\/span><span class=\"blanc-space ng-binding\"><span>Calonge Pilates Studio<\/span><\/span><span>for the best functioning of the Website. The information that is collected is used to improve the quality of the Website and its Content and your experience as a User. These cookies allow us to recognize the User as a returning visitor to the Website and adapt the content to offer content that is tailored to your preferences.<\/span><\/p><\/div><div class=\"\"><h4><span>Cookies social networks<\/span><\/h4><p><span class=\"blanc-space ng-binding\"><span>Calonge Pilates Studio<\/span><\/span><span>incorporates plugins of social networks, which allow users to access it from the Web Site. For this reason, cookies from social networks can be stored in the browser of the User. The owners of the social networks mentioned above have their own policies on data protection and cookies, being themselves, in each case, responsible for their own files and their own privacy practices. The User should refer to it for information about these cookies and, if applicable, to the processing of your personal data. Only for informative purposes are listed below for the links on which it is possible to consult these privacy policies and\/or cookies:<\/span><\/p><ul><li><span>Facebook:\u00a0<\/span><a class=\"text-info\" href=\"https:\/\/www.facebook.com\/policies\/cookies\/\"><span>https:\/\/www.facebook.com\/policies\/cookies\/<\/span><\/a><\/li><li><span>Twitter:\u00a0<\/span><a class=\"text-info\" href=\"https:\/\/twitter.com\/es\/privacy\"><span>https:\/\/twitter.com\/es\/privacy<\/span><\/a><\/li><li><span>Instagram:\u00a0<\/span><a class=\"text-info\" href=\"https:\/\/help.instagram.com\/1896641480634370?ref=ig\"><span>https:\/\/help.instagram.com\/1896641480634370?ref=ig<\/span><\/a><\/li><li><span>YouTube:\u00a0<\/span><a class=\"text-info\" href=\"https:\/\/policies.google.com\/privacy?hl=es-419&amp;gl=mx\"><span>https:\/\/policies.google.com\/privacy?hl=es-419&amp;gl=mx<\/span><\/a><\/li><li><span>Pinterest:\u00a0<\/span><a class=\"text-info\" href=\"https:\/\/policy.pinterest.com\/es\/privacy-policy\"><span>https:\/\/policy.pinterest.com\/es\/privacy-policy<\/span><\/a><\/li><li><span>LinkedIn:\u00a0<\/span><a class=\"text-info\" href=\"https:\/\/www.linkedin.com\/legal\/cookie-policy?trk=hp-cookies\"><span>https:\/\/www.linkedin.com\/legal\/cookie-policy?trk=hp-cookies<\/span><\/a><\/li><\/ul><\/div><h4><span>To disable, reject and delete cookies<\/span><\/h4><p><span>The User can disable, reject and delete the cookies \u2014totally or partially\u2014 installed on the device using the settings of your browser (among which are, for example, Chrome, Firefox, Safari, Explorer). In this sense, the procedures for rejecting and deleting cookies may differ from one Internet browser to another. Consequently, the User must go to the instructions provided by your Internet browser the same that you use. In case you decline the use of cookies \u2014totally or partially\u2014 you may continue using the Website, but may have limited the use of some of the benefits of the same.<\/span><\/p>\t\t\t\t\t\t\t\t<\/div>\n\t\t\t\t<\/div>\n\t\t\t\t\t<\/div>\n\t\t\t\t<\/div>\n\t\t\t\t<\/div>","protected":false},"excerpt":{"rendered":"<p>L&#8217;acc\u00e9s a aquest Lloc Web pot implicar la utilitzaci\u00f3 de galetes. Les galetes s\u00f3n petites quantitats d&#8217;informaci\u00f3 que s&#8217;emmagatzemen al navegador utilitzat per cada Usuari -en els diferents dispositius que pugui utilitzar per navegar- perqu\u00e8 el servidor recordi certa informaci\u00f3 que posteriorment i \u00fanicament el servidor que la va implementar llegir\u00e0. Les galetes faciliten la [&hellip;]<\/p>\n","protected":false},"author":2,"featured_media":0,"parent":0,"menu_order":0,"comment_status":"closed","ping_status":"open","template":"elementor_header_footer","meta":{"_joinchat":[],"footnotes":""},"class_list":["post-18","page","type-page","status-publish","hentry"],"yoast_head":"<!-- This site is optimized with the Yoast SEO plugin v27.3 - https:\/\/yoast.com\/product\/yoast-seo-wordpress\/ -->\n<title>Pol\u00edtica de cookies - Calonge Pilates Studio<\/title>\n<meta name=\"robots\" content=\"noindex, follow\" \/>\n<meta property=\"og:locale\" content=\"en_US\" \/>\n<meta property=\"og:type\" content=\"article\" \/>\n<meta property=\"og:title\" content=\"Pol\u00edtica de cookies - Calonge Pilates Studio\" \/>\n<meta property=\"og:description\" content=\"L&#8217;acc\u00e9s a aquest Lloc Web pot implicar la utilitzaci\u00f3 de galetes. Les galetes s\u00f3n petites quantitats d&#8217;informaci\u00f3 que s&#8217;emmagatzemen al navegador utilitzat per cada Usuari -en els diferents dispositius que pugui utilitzar per navegar- perqu\u00e8 el servidor recordi certa informaci\u00f3 que posteriorment i \u00fanicament el servidor que la va implementar llegir\u00e0. Les galetes faciliten la [&hellip;]\" \/>\n<meta property=\"og:url\" content=\"https:\/\/calongepilates.com\/en\/cookies\/\" \/>\n<meta property=\"og:site_name\" content=\"Calonge Pilates Studio\" \/>\n<meta property=\"article:modified_time\" content=\"2025-04-15T11:57:59+00:00\" \/>\n<meta name=\"twitter:card\" content=\"summary_large_image\" \/>\n<meta name=\"twitter:label1\" content=\"Est. reading time\" \/>\n\t<meta name=\"twitter:data1\" content=\"3 minutes\" \/>\n<script type=\"application\/ld+json\" class=\"yoast-schema-graph\">{\"@context\":\"https:\\\/\\\/schema.org\",\"@graph\":[{\"@type\":\"WebPage\",\"@id\":\"https:\\\/\\\/calongepilates.com\\\/cookies\\\/\",\"url\":\"https:\\\/\\\/calongepilates.com\\\/cookies\\\/\",\"name\":\"Pol\u00edtica de cookies - Calonge Pilates Studio\",\"isPartOf\":{\"@id\":\"https:\\\/\\\/calongepilates.com\\\/#website\"},\"datePublished\":\"2025-01-27T07:52:13+00:00\",\"dateModified\":\"2025-04-15T11:57:59+00:00\",\"breadcrumb\":{\"@id\":\"https:\\\/\\\/calongepilates.com\\\/cookies\\\/#breadcrumb\"},\"inLanguage\":\"en-US\",\"potentialAction\":[{\"@type\":\"ReadAction\",\"target\":[\"https:\\\/\\\/calongepilates.com\\\/cookies\\\/\"]}]},{\"@type\":\"BreadcrumbList\",\"@id\":\"https:\\\/\\\/calongepilates.com\\\/cookies\\\/#breadcrumb\",\"itemListElement\":[{\"@type\":\"ListItem\",\"position\":1,\"name\":\"Portada\",\"item\":\"https:\\\/\\\/calongepilates.com\\\/\"},{\"@type\":\"ListItem\",\"position\":2,\"name\":\"Pol\u00edtica de cookies\"}]},{\"@type\":\"WebSite\",\"@id\":\"https:\\\/\\\/calongepilates.com\\\/#website\",\"url\":\"https:\\\/\\\/calongepilates.com\\\/\",\"name\":\"Calonge Pilates Studio\",\"description\":\"\",\"potentialAction\":[{\"@type\":\"SearchAction\",\"target\":{\"@type\":\"EntryPoint\",\"urlTemplate\":\"https:\\\/\\\/calongepilates.com\\\/?s={search_term_string}\"},\"query-input\":{\"@type\":\"PropertyValueSpecification\",\"valueRequired\":true,\"valueName\":\"search_term_string\"}}],\"inLanguage\":\"en-US\"}]}<\/script>\n<!-- \/ Yoast SEO plugin. -->","yoast_head_json":{"title":"Pol\u00edtica de cookies - Calonge Pilates Studio","robots":{"index":"noindex","follow":"follow"},"og_locale":"en_US","og_type":"article","og_title":"Pol\u00edtica de cookies - Calonge Pilates Studio","og_description":"L&#8217;acc\u00e9s a aquest Lloc Web pot implicar la utilitzaci\u00f3 de galetes. Les galetes s\u00f3n petites quantitats d&#8217;informaci\u00f3 que s&#8217;emmagatzemen al navegador utilitzat per cada Usuari -en els diferents dispositius que pugui utilitzar per navegar- perqu\u00e8 el servidor recordi certa informaci\u00f3 que posteriorment i \u00fanicament el servidor que la va implementar llegir\u00e0. Les galetes faciliten la [&hellip;]","og_url":"https:\/\/calongepilates.com\/en\/cookies\/","og_site_name":"Calonge Pilates Studio","article_modified_time":"2025-04-15T11:57:59+00:00","twitter_card":"summary_large_image","twitter_misc":{"Est. reading time":"3 minutes"},"schema":{"@context":"https:\/\/schema.org","@graph":[{"@type":"WebPage","@id":"https:\/\/calongepilates.com\/cookies\/","url":"https:\/\/calongepilates.com\/cookies\/","name":"Pol\u00edtica de cookies - Calonge Pilates Studio","isPartOf":{"@id":"https:\/\/calongepilates.com\/#website"},"datePublished":"2025-01-27T07:52:13+00:00","dateModified":"2025-04-15T11:57:59+00:00","breadcrumb":{"@id":"https:\/\/calongepilates.com\/cookies\/#breadcrumb"},"inLanguage":"en-US","potentialAction":[{"@type":"ReadAction","target":["https:\/\/calongepilates.com\/cookies\/"]}]},{"@type":"BreadcrumbList","@id":"https:\/\/calongepilates.com\/cookies\/#breadcrumb","itemListElement":[{"@type":"ListItem","position":1,"name":"Portada","item":"https:\/\/calongepilates.com\/"},{"@type":"ListItem","position":2,"name":"Pol\u00edtica de cookies"}]},{"@type":"WebSite","@id":"https:\/\/calongepilates.com\/#website","url":"https:\/\/calongepilates.com\/","name":"Calonge Pilates Studio","description":"","potentialAction":[{"@type":"SearchAction","target":{"@type":"EntryPoint","urlTemplate":"https:\/\/calongepilates.com\/?s={search_term_string}"},"query-input":{"@type":"PropertyValueSpecification","valueRequired":true,"valueName":"search_term_string"}}],"inLanguage":"en-US"}]}},"_links":{"self":[{"href":"https:\/\/calongepilates.com\/en\/wp-json\/wp\/v2\/pages\/18","targetHints":{"allow":["GET"]}}],"collection":[{"href":"https:\/\/calongepilates.com\/en\/wp-json\/wp\/v2\/pages"}],"about":[{"href":"https:\/\/calongepilates.com\/en\/wp-json\/wp\/v2\/types\/page"}],"author":[{"embeddable":true,"href":"https:\/\/calongepilates.com\/en\/wp-json\/wp\/v2\/users\/2"}],"replies":[{"embeddable":true,"href":"https:\/\/calongepilates.com\/en\/wp-json\/wp\/v2\/comments?post=18"}],"version-history":[{"count":11,"href":"https:\/\/calongepilates.com\/en\/wp-json\/wp\/v2\/pages\/18\/revisions"}],"predecessor-version":[{"id":336,"href":"https:\/\/calongepilates.com\/en\/wp-json\/wp\/v2\/pages\/18\/revisions\/336"}],"wp:attachment":[{"href":"https:\/\/calongepilates.com\/en\/wp-json\/wp\/v2\/media?parent=18"}],"curies":[{"name":"wp","href":"https:\/\/api.w.org\/{rel}","templated":true}]}}