{"id":18,"date":"2025-01-27T08:52:13","date_gmt":"2025-01-27T07:52:13","guid":{"rendered":"https:\/\/calongepilates.com\/?page_id=18"},"modified":"2025-04-15T13:57:59","modified_gmt":"2025-04-15T11:57:59","slug":"cookies","status":"publish","type":"page","link":"https:\/\/calongepilates.com\/es\/cookies\/","title":{"rendered":"Pol\u00edtica de cookies"},"content":{"rendered":"<style>.elementor-18 .elementor-element.elementor-element-bec9aaa{--display:flex;--flex-direction:row;--container-widget-width:calc( ( 1 - var( --container-widget-flex-grow ) ) * 100% );--container-widget-height:100%;--container-widget-flex-grow:1;--container-widget-align-self:stretch;--flex-wrap-mobile:wrap;--align-items:stretch;--gap:10px 10px;--row-gap:10px;--column-gap:10px;--overlay-opacity:0.48;border-style:none;--border-style:none;--border-radius:0px 0px 0px 0px;--margin-top:0px;--margin-bottom:0px;--margin-left:0px;--margin-right:0px;--padding-top:120px;--padding-bottom:0px;--padding-left:0px;--padding-right:0px;--z-index:2;}.elementor-18 .elementor-element.elementor-element-bec9aaa:not(.elementor-motion-effects-element-type-background), .elementor-18 .elementor-element.elementor-element-bec9aaa > .elementor-motion-effects-container > .elementor-motion-effects-layer{background-color:var( --e-global-color-f81cc9c );}.elementor-18 .elementor-element.elementor-element-bec9aaa::before, .elementor-18 .elementor-element.elementor-element-bec9aaa > .elementor-background-video-container::before, .elementor-18 .elementor-element.elementor-element-bec9aaa > .e-con-inner > .elementor-background-video-container::before, .elementor-18 .elementor-element.elementor-element-bec9aaa > .elementor-background-slideshow::before, .elementor-18 .elementor-element.elementor-element-bec9aaa > .e-con-inner > .elementor-background-slideshow::before, .elementor-18 .elementor-element.elementor-element-bec9aaa > .elementor-motion-effects-container > .elementor-motion-effects-layer::before{--background-overlay:'';}.elementor-18 .elementor-element.elementor-element-3c070e9{--display:flex;--justify-content:center;border-style:solid;--border-style:solid;border-width:0px 0px 0px 0px;--border-top-width:0px;--border-right-width:0px;--border-bottom-width:0px;--border-left-width:0px;border-color:#D39D71;--border-color:#D39D71;--padding-top:50px;--padding-bottom:0px;--padding-left:0px;--padding-right:0px;}.elementor-18 .elementor-element.elementor-element-ee7d1ed{text-align:center;width:100%;max-width:100%;z-index:2;}.elementor-18 .elementor-element.elementor-element-ee7d1ed .elementor-heading-title{font-family:var( --e-global-typography-9550428-font-family ), Sans-serif;font-size:var( --e-global-typography-9550428-font-size );font-weight:var( --e-global-typography-9550428-font-weight );line-height:var( --e-global-typography-9550428-line-height );letter-spacing:var( --e-global-typography-9550428-letter-spacing );word-spacing:var( --e-global-typography-9550428-word-spacing );color:var( --e-global-color-10242b9 );}.elementor-18 .elementor-element.elementor-element-ee7d1ed > .elementor-widget-container{margin:0px 0px -65px 0px;}.elementor-18 .elementor-element.elementor-element-2349afa{--display:flex;--flex-direction:column;--container-widget-width:100%;--container-widget-height:initial;--container-widget-flex-grow:0;--container-widget-align-self:initial;--flex-wrap-mobile:wrap;--margin-top:160px;--margin-bottom:120px;--margin-left:0px;--margin-right:0px;}@media(max-width:1024px){.elementor-18 .elementor-element.elementor-element-bec9aaa{--padding-top:100px;--padding-bottom:0px;--padding-left:0px;--padding-right:0px;}.elementor-18 .elementor-element.elementor-element-3c070e9{--padding-top:50px;--padding-bottom:50px;--padding-left:50px;--padding-right:50px;}.elementor-18 .elementor-element.elementor-element-ee7d1ed .elementor-heading-title{font-size:var( --e-global-typography-9550428-font-size );line-height:var( --e-global-typography-9550428-line-height );letter-spacing:var( --e-global-typography-9550428-letter-spacing );word-spacing:var( --e-global-typography-9550428-word-spacing );}}@media(max-width:767px){.elementor-18 .elementor-element.elementor-element-3c070e9{--padding-top:60px;--padding-bottom:60px;--padding-left:20px;--padding-right:20px;}.elementor-18 .elementor-element.elementor-element-ee7d1ed .elementor-heading-title{font-size:var( --e-global-typography-9550428-font-size );line-height:var( --e-global-typography-9550428-line-height );letter-spacing:var( --e-global-typography-9550428-letter-spacing );word-spacing:var( --e-global-typography-9550428-word-spacing );}.elementor-18 .elementor-element.elementor-element-ee7d1ed > .elementor-widget-container{margin:0px 0px 0px 0px;}}@media(max-width:1024px) and (min-width:768px){.elementor-18 .elementor-element.elementor-element-3c070e9{--width:100%;}}<\/style>\t\t<div data-elementor-type=\"wp-page\" data-elementor-id=\"18\" class=\"elementor elementor-18\" data-elementor-post-type=\"page\">\n\t\t\t\t<div class=\"elementor-element elementor-element-bec9aaa e-flex e-con-boxed elementor-invisible e-con e-parent\" data-id=\"bec9aaa\" data-element_type=\"container\" data-e-type=\"container\" data-settings=\"{&quot;background_background&quot;:&quot;classic&quot;,&quot;animation&quot;:&quot;fadeIn&quot;}\">\n\t\t\t\t\t<div class=\"e-con-inner\">\n\t\t<div class=\"elementor-element elementor-element-3c070e9 e-con-full e-flex e-con e-child\" data-id=\"3c070e9\" data-element_type=\"container\" data-e-type=\"container\" data-settings=\"{&quot;background_background&quot;:&quot;classic&quot;}\">\n\t\t\t\t<div class=\"elementor-element elementor-element-ee7d1ed elementor-widget__width-inherit elementor-invisible elementor-widget elementor-widget-heading\" data-id=\"ee7d1ed\" data-element_type=\"widget\" data-e-type=\"widget\" data-settings=\"{&quot;_animation&quot;:&quot;fadeInDown&quot;}\" data-widget_type=\"heading.default\">\n\t\t\t\t<div class=\"elementor-widget-container\">\n\t\t\t\t\t<h1 class=\"elementor-heading-title elementor-size-default\">Pol\u00edtica de cookies<\/h1>\t\t\t\t<\/div>\n\t\t\t\t<\/div>\n\t\t\t\t<\/div>\n\t\t\t\t\t<\/div>\n\t\t\t\t<\/div>\n\t\t<div class=\"elementor-element elementor-element-2349afa e-flex e-con-boxed e-con e-parent\" data-id=\"2349afa\" data-element_type=\"container\" data-e-type=\"container\">\n\t\t\t\t\t<div class=\"e-con-inner\">\n\t\t\t\t<div class=\"elementor-element elementor-element-2ed0762 elementor-widget elementor-widget-text-editor\" data-id=\"2ed0762\" data-element_type=\"widget\" data-e-type=\"widget\" data-widget_type=\"text-editor.default\">\n\t\t\t\t<div class=\"elementor-widget-container\">\n\t\t\t\t\t\t\t\t\t<p><span>El acceso a esta Web puede implicar la utilizaci\u00f3n de cookies. Las Cookies son peque\u00f1as piezas de informaci\u00f3n que se almacenan en el navegador utilizado por cada Usuario en los diferentes dispositivos que se pueden utilizar para navegar - para que el servidor recuerde cierta informaci\u00f3n que posteriormente y \u00fanicamente el servidor que la implement\u00f3 leer\u00e1. Las Cookies facilitan la navegaci\u00f3n, hacen que sea m\u00e1s amigable con el usuario, y no da\u00f1ar el dispositivo de navegaci\u00f3n.<\/span><\/p><p><span>Las Cookies son procedimientos autom\u00e1ticos de recogida de informaci\u00f3n relativa a las preferencias determinadas por un Usuario durante la visita en el sitio Web, a fin de reconocerlo como Usuario, y personalizar su experiencia y el uso de la p\u00e1gina Web, y tambi\u00e9n puede, por ejemplo, ayudan a identificar y resolver los errores.<\/span><\/p><p><span>La informaci\u00f3n recopilada a trav\u00e9s de cookies puede incluir la fecha y hora de las visitas al Sitio, las p\u00e1ginas vistas, el tiempo que ha estado en el sitio Web y los sitios visitados justo antes y despu\u00e9s. Sin embargo, ninguna cookie permite que el mismo pueda ser capaz de comunicarse con el n\u00famero de tel\u00e9fono del Usuario, o cualquier otro medio de contacto personal. Ninguna cookie no puede extraer informaci\u00f3n del disco duro del Usuario o robar informaci\u00f3n personal. La \u00fanica manera de que la informaci\u00f3n privada de un Usuario forme parte del archivo Cookie es que el usuario d\u00e9 personalmente esa informaci\u00f3n al servidor.<\/span><\/p><p><span>Cookies que permiten identificar a una persona son los datos considerados como personales. Por lo tanto, el mismo ser\u00e1 de aplicaci\u00f3n la Pol\u00edtica de Privacidad se describe anteriormente. En este sentido, con el fin de utilizarlos ser\u00e1 necesario el consentimiento del Usuario. Este consentimiento ser\u00e1 comunicada, en base en una selecci\u00f3n de los aut\u00e9nticos, de los ofrecidos por una decisi\u00f3n afirmativa y positiva, antes de que el tratamiento inicial, extra\u00edble y documentada.<\/span><\/p><div class=\"\"><h4><span>Cookies propias<\/span><\/h4><p><span>Son aquellas cookies que son enviadas al ordenador o dispositivo del Usuario y del administrado exclusivamente por<\/span><span class=\"blanc-space ng-binding\"><span>Calonge Pilates Studio<\/span><\/span><span>para el mejor funcionamiento de la Web. La informaci\u00f3n que se recopila y se utiliza para mejorar la calidad de la Web y de sus Contenidos y su experiencia como Usuario. Estas cookies nos permiten reconocer al Usuario como un visitante frecuente a la p\u00e1gina Web y adaptar el contenido a ofrecer el contenido que se adapte a sus preferencias.<\/span><\/p><\/div><div class=\"\"><h4><span>Cookies de redes sociales<\/span><\/h4><p><span class=\"blanc-space ng-binding\"><span>Calonge Pilates Studio<\/span><\/span><span>incorpora plugins de las redes sociales, que permiten a los usuarios acceder desde el Sitio Web. Por esta raz\u00f3n, las cookies de las redes sociales puede ser almacenada en el navegador del Usuario. Los propietarios de las redes sociales mencionadas tienen sus propias pol\u00edticas de protecci\u00f3n de datos y cookies, ser ellos mismos, en cada caso, responsable de sus propios ficheros y sus propias pr\u00e1cticas de privacidad. El Usuario debe referirse a ella para obtener informaci\u00f3n acerca de las cookies y, en su caso, el procesamiento de sus datos personales. S\u00f3lo para fines informativos se enumeran a continuaci\u00f3n los enlaces en los que es posible consultar las presentes pol\u00edticas de privacidad y\/o las cookies:<\/span><\/p><ul><li><span>Facebook:\u00a0<\/span><a class=\"text-info\" href=\"https:\/\/www.facebook.com\/policies\/cookies\/\"><span>https:\/\/www.facebook.com\/policies\/cookies\/<\/span><\/a><\/li><li><span>Twitter:\u00a0<\/span><a class=\"text-info\" href=\"https:\/\/twitter.com\/es\/privacy\"><span>https:\/\/twitter.com\/es\/privacy<\/span><\/a><\/li><li><span>Instagram:\u00a0<\/span><a class=\"text-info\" href=\"https:\/\/help.instagram.com\/1896641480634370?ref=ig\"><span>https:\/\/help.instagram.com\/1896641480634370?ref=ig<\/span><\/a><\/li><li><span>YouTube:\u00a0<\/span><a class=\"text-info\" href=\"https:\/\/policies.google.com\/privacy?hl=es-419&amp;gl=mx\"><span>https:\/\/policies.google.com\/privacy?hl=es-419&amp;gl=mx<\/span><\/a><\/li><li><span>Pinterest:\u00a0<\/span><a class=\"text-info\" href=\"https:\/\/policy.pinterest.com\/es\/privacy-policy\"><span>https:\/\/policy.pinterest.com\/es\/privacy-policy<\/span><\/a><\/li><li><span>LinkedIn:\u00a0<\/span><a class=\"text-info\" href=\"https:\/\/www.linkedin.com\/legal\/cookie-policy?trk=hp-cookies\"><span>https:\/\/www.linkedin.com\/legal\/cookie-policy?trk=hp-cookies<\/span><\/a><\/li><\/ul><\/div><h4><span>Para deshabilitar, rechazar y eliminar las cookies<\/span><\/h4><p><span>El Usuario puede deshabilitar, rechazar y eliminar las cookies \u2014total o parcialmente\u2014 instalado en el dispositivo mediante la configuraci\u00f3n de su navegador (entre los que se encuentran, por ejemplo, Chrome, Firefox, Safari, Explorer). En este sentido, los procedimientos para el rechazo y la eliminaci\u00f3n de las cookies pueden diferir de un navegador de Internet a otro. En consecuencia, el Usuario debe ir a las instrucciones proporcionadas por su navegador de Internet el mismo que usted usa. En caso de rechazar el uso de cookies \u2014total o parcialmente\u2014 usted puede seguir usando el sitio Web, pero puede tener limitado el uso de algunos de los beneficios de la misma.<\/span><\/p>\t\t\t\t\t\t\t\t<\/div>\n\t\t\t\t<\/div>\n\t\t\t\t\t<\/div>\n\t\t\t\t<\/div>\n\t\t\t\t<\/div>","protected":false},"excerpt":{"rendered":"<p>L&#8217;acc\u00e9s a aquest Lloc Web pot implicar la utilitzaci\u00f3 de galetes. Les galetes s\u00f3n petites quantitats d&#8217;informaci\u00f3 que s&#8217;emmagatzemen al navegador utilitzat per cada Usuari -en els diferents dispositius que pugui utilitzar per navegar- perqu\u00e8 el servidor recordi certa informaci\u00f3 que posteriorment i \u00fanicament el servidor que la va implementar llegir\u00e0. Les galetes faciliten la [&hellip;]<\/p>\n","protected":false},"author":2,"featured_media":0,"parent":0,"menu_order":0,"comment_status":"closed","ping_status":"open","template":"elementor_header_footer","meta":{"_joinchat":[],"footnotes":""},"class_list":["post-18","page","type-page","status-publish","hentry"],"yoast_head":"<!-- This site is optimized with the Yoast SEO plugin v27.3 - https:\/\/yoast.com\/product\/yoast-seo-wordpress\/ -->\n<title>Pol\u00edtica de cookies - Calonge Pilates Studio<\/title>\n<meta name=\"robots\" content=\"noindex, follow\" \/>\n<meta property=\"og:locale\" content=\"es_ES\" \/>\n<meta property=\"og:type\" content=\"article\" \/>\n<meta property=\"og:title\" content=\"Pol\u00edtica de cookies - Calonge Pilates Studio\" \/>\n<meta property=\"og:description\" content=\"L&#8217;acc\u00e9s a aquest Lloc Web pot implicar la utilitzaci\u00f3 de galetes. Les galetes s\u00f3n petites quantitats d&#8217;informaci\u00f3 que s&#8217;emmagatzemen al navegador utilitzat per cada Usuari -en els diferents dispositius que pugui utilitzar per navegar- perqu\u00e8 el servidor recordi certa informaci\u00f3 que posteriorment i \u00fanicament el servidor que la va implementar llegir\u00e0. Les galetes faciliten la [&hellip;]\" \/>\n<meta property=\"og:url\" content=\"https:\/\/calongepilates.com\/es\/cookies\/\" \/>\n<meta property=\"og:site_name\" content=\"Calonge Pilates Studio\" \/>\n<meta property=\"article:modified_time\" content=\"2025-04-15T11:57:59+00:00\" \/>\n<meta name=\"twitter:card\" content=\"summary_large_image\" \/>\n<meta name=\"twitter:label1\" content=\"Tiempo de lectura\" \/>\n\t<meta name=\"twitter:data1\" content=\"3 minutos\" \/>\n<script type=\"application\/ld+json\" class=\"yoast-schema-graph\">{\"@context\":\"https:\\\/\\\/schema.org\",\"@graph\":[{\"@type\":\"WebPage\",\"@id\":\"https:\\\/\\\/calongepilates.com\\\/cookies\\\/\",\"url\":\"https:\\\/\\\/calongepilates.com\\\/cookies\\\/\",\"name\":\"Pol\u00edtica de cookies - Calonge Pilates Studio\",\"isPartOf\":{\"@id\":\"https:\\\/\\\/calongepilates.com\\\/#website\"},\"datePublished\":\"2025-01-27T07:52:13+00:00\",\"dateModified\":\"2025-04-15T11:57:59+00:00\",\"breadcrumb\":{\"@id\":\"https:\\\/\\\/calongepilates.com\\\/cookies\\\/#breadcrumb\"},\"inLanguage\":\"es\",\"potentialAction\":[{\"@type\":\"ReadAction\",\"target\":[\"https:\\\/\\\/calongepilates.com\\\/cookies\\\/\"]}]},{\"@type\":\"BreadcrumbList\",\"@id\":\"https:\\\/\\\/calongepilates.com\\\/cookies\\\/#breadcrumb\",\"itemListElement\":[{\"@type\":\"ListItem\",\"position\":1,\"name\":\"Portada\",\"item\":\"https:\\\/\\\/calongepilates.com\\\/\"},{\"@type\":\"ListItem\",\"position\":2,\"name\":\"Pol\u00edtica de cookies\"}]},{\"@type\":\"WebSite\",\"@id\":\"https:\\\/\\\/calongepilates.com\\\/#website\",\"url\":\"https:\\\/\\\/calongepilates.com\\\/\",\"name\":\"Calonge Pilates Studio\",\"description\":\"\",\"potentialAction\":[{\"@type\":\"SearchAction\",\"target\":{\"@type\":\"EntryPoint\",\"urlTemplate\":\"https:\\\/\\\/calongepilates.com\\\/?s={search_term_string}\"},\"query-input\":{\"@type\":\"PropertyValueSpecification\",\"valueRequired\":true,\"valueName\":\"search_term_string\"}}],\"inLanguage\":\"es\"}]}<\/script>\n<!-- \/ Yoast SEO plugin. -->","yoast_head_json":{"title":"Pol\u00edtica de cookies - Calonge Pilates Studio","robots":{"index":"noindex","follow":"follow"},"og_locale":"es_ES","og_type":"article","og_title":"Pol\u00edtica de cookies - Calonge Pilates Studio","og_description":"L&#8217;acc\u00e9s a aquest Lloc Web pot implicar la utilitzaci\u00f3 de galetes. Les galetes s\u00f3n petites quantitats d&#8217;informaci\u00f3 que s&#8217;emmagatzemen al navegador utilitzat per cada Usuari -en els diferents dispositius que pugui utilitzar per navegar- perqu\u00e8 el servidor recordi certa informaci\u00f3 que posteriorment i \u00fanicament el servidor que la va implementar llegir\u00e0. Les galetes faciliten la [&hellip;]","og_url":"https:\/\/calongepilates.com\/es\/cookies\/","og_site_name":"Calonge Pilates Studio","article_modified_time":"2025-04-15T11:57:59+00:00","twitter_card":"summary_large_image","twitter_misc":{"Tiempo de lectura":"3 minutos"},"schema":{"@context":"https:\/\/schema.org","@graph":[{"@type":"WebPage","@id":"https:\/\/calongepilates.com\/cookies\/","url":"https:\/\/calongepilates.com\/cookies\/","name":"Pol\u00edtica de cookies - Calonge Pilates Studio","isPartOf":{"@id":"https:\/\/calongepilates.com\/#website"},"datePublished":"2025-01-27T07:52:13+00:00","dateModified":"2025-04-15T11:57:59+00:00","breadcrumb":{"@id":"https:\/\/calongepilates.com\/cookies\/#breadcrumb"},"inLanguage":"es","potentialAction":[{"@type":"ReadAction","target":["https:\/\/calongepilates.com\/cookies\/"]}]},{"@type":"BreadcrumbList","@id":"https:\/\/calongepilates.com\/cookies\/#breadcrumb","itemListElement":[{"@type":"ListItem","position":1,"name":"Portada","item":"https:\/\/calongepilates.com\/"},{"@type":"ListItem","position":2,"name":"Pol\u00edtica de cookies"}]},{"@type":"WebSite","@id":"https:\/\/calongepilates.com\/#website","url":"https:\/\/calongepilates.com\/","name":"Calonge Pilates Studio","description":"","potentialAction":[{"@type":"SearchAction","target":{"@type":"EntryPoint","urlTemplate":"https:\/\/calongepilates.com\/?s={search_term_string}"},"query-input":{"@type":"PropertyValueSpecification","valueRequired":true,"valueName":"search_term_string"}}],"inLanguage":"es"}]}},"_links":{"self":[{"href":"https:\/\/calongepilates.com\/es\/wp-json\/wp\/v2\/pages\/18","targetHints":{"allow":["GET"]}}],"collection":[{"href":"https:\/\/calongepilates.com\/es\/wp-json\/wp\/v2\/pages"}],"about":[{"href":"https:\/\/calongepilates.com\/es\/wp-json\/wp\/v2\/types\/page"}],"author":[{"embeddable":true,"href":"https:\/\/calongepilates.com\/es\/wp-json\/wp\/v2\/users\/2"}],"replies":[{"embeddable":true,"href":"https:\/\/calongepilates.com\/es\/wp-json\/wp\/v2\/comments?post=18"}],"version-history":[{"count":11,"href":"https:\/\/calongepilates.com\/es\/wp-json\/wp\/v2\/pages\/18\/revisions"}],"predecessor-version":[{"id":336,"href":"https:\/\/calongepilates.com\/es\/wp-json\/wp\/v2\/pages\/18\/revisions\/336"}],"wp:attachment":[{"href":"https:\/\/calongepilates.com\/es\/wp-json\/wp\/v2\/media?parent=18"}],"curies":[{"name":"wp","href":"https:\/\/api.w.org\/{rel}","templated":true}]}}