{"id":19,"date":"2025-01-27T08:52:32","date_gmt":"2025-01-27T07:52:32","guid":{"rendered":"https:\/\/calongepilates.com\/?page_id=19"},"modified":"2025-04-15T14:31:54","modified_gmt":"2025-04-15T12:31:54","slug":"accessibilitat","status":"publish","type":"page","link":"https:\/\/calongepilates.com\/es\/accessibilitat\/","title":{"rendered":"Accesibilidad"},"content":{"rendered":"<style>.elementor-19 .elementor-element.elementor-element-3e96f42{--display:flex;--flex-direction:row;--container-widget-width:calc( ( 1 - var( --container-widget-flex-grow ) ) * 100% );--container-widget-height:100%;--container-widget-flex-grow:1;--container-widget-align-self:stretch;--flex-wrap-mobile:wrap;--align-items:stretch;--gap:10px 10px;--row-gap:10px;--column-gap:10px;--overlay-opacity:0.48;border-style:none;--border-style:none;--border-radius:0px 0px 0px 0px;--margin-top:0px;--margin-bottom:0px;--margin-left:0px;--margin-right:0px;--padding-top:120px;--padding-bottom:0px;--padding-left:0px;--padding-right:0px;--z-index:2;}.elementor-19 .elementor-element.elementor-element-3e96f42:not(.elementor-motion-effects-element-type-background), .elementor-19 .elementor-element.elementor-element-3e96f42 > .elementor-motion-effects-container > .elementor-motion-effects-layer{background-color:var( --e-global-color-f81cc9c );}.elementor-19 .elementor-element.elementor-element-3e96f42::before, .elementor-19 .elementor-element.elementor-element-3e96f42 > .elementor-background-video-container::before, .elementor-19 .elementor-element.elementor-element-3e96f42 > .e-con-inner > .elementor-background-video-container::before, .elementor-19 .elementor-element.elementor-element-3e96f42 > .elementor-background-slideshow::before, .elementor-19 .elementor-element.elementor-element-3e96f42 > .e-con-inner > .elementor-background-slideshow::before, .elementor-19 .elementor-element.elementor-element-3e96f42 > .elementor-motion-effects-container > .elementor-motion-effects-layer::before{--background-overlay:'';}.elementor-19 .elementor-element.elementor-element-788440a{--display:flex;--justify-content:center;border-style:solid;--border-style:solid;border-width:0px 0px 0px 0px;--border-top-width:0px;--border-right-width:0px;--border-bottom-width:0px;--border-left-width:0px;border-color:#D39D71;--border-color:#D39D71;--padding-top:50px;--padding-bottom:0px;--padding-left:0px;--padding-right:0px;}.elementor-19 .elementor-element.elementor-element-aa0ecb1{text-align:center;width:100%;max-width:100%;z-index:2;}.elementor-19 .elementor-element.elementor-element-aa0ecb1 .elementor-heading-title{font-family:var( --e-global-typography-9550428-font-family ), Sans-serif;font-size:var( --e-global-typography-9550428-font-size );font-weight:var( --e-global-typography-9550428-font-weight );line-height:var( --e-global-typography-9550428-line-height );letter-spacing:var( --e-global-typography-9550428-letter-spacing );word-spacing:var( --e-global-typography-9550428-word-spacing );color:var( --e-global-color-10242b9 );}.elementor-19 .elementor-element.elementor-element-aa0ecb1 > .elementor-widget-container{margin:0px 0px -65px 0px;}.elementor-19 .elementor-element.elementor-element-3224cda{--display:flex;--flex-direction:column;--container-widget-width:100%;--container-widget-height:initial;--container-widget-flex-grow:0;--container-widget-align-self:initial;--flex-wrap-mobile:wrap;--margin-top:160px;--margin-bottom:120px;--margin-left:0px;--margin-right:0px;}@media(max-width:1024px){.elementor-19 .elementor-element.elementor-element-3e96f42{--padding-top:100px;--padding-bottom:0px;--padding-left:0px;--padding-right:0px;}.elementor-19 .elementor-element.elementor-element-788440a{--padding-top:50px;--padding-bottom:50px;--padding-left:50px;--padding-right:50px;}.elementor-19 .elementor-element.elementor-element-aa0ecb1 .elementor-heading-title{font-size:var( --e-global-typography-9550428-font-size );line-height:var( --e-global-typography-9550428-line-height );letter-spacing:var( --e-global-typography-9550428-letter-spacing );word-spacing:var( --e-global-typography-9550428-word-spacing );}}@media(max-width:767px){.elementor-19 .elementor-element.elementor-element-788440a{--padding-top:60px;--padding-bottom:60px;--padding-left:20px;--padding-right:20px;}.elementor-19 .elementor-element.elementor-element-aa0ecb1 .elementor-heading-title{font-size:var( --e-global-typography-9550428-font-size );line-height:var( --e-global-typography-9550428-line-height );letter-spacing:var( --e-global-typography-9550428-letter-spacing );word-spacing:var( --e-global-typography-9550428-word-spacing );}.elementor-19 .elementor-element.elementor-element-aa0ecb1 > .elementor-widget-container{margin:0px 0px 0px 0px;}}@media(max-width:1024px) and (min-width:768px){.elementor-19 .elementor-element.elementor-element-788440a{--width:100%;}}<\/style>\t\t<div data-elementor-type=\"wp-page\" data-elementor-id=\"19\" class=\"elementor elementor-19\" data-elementor-post-type=\"page\">\n\t\t\t\t<div class=\"elementor-element elementor-element-3e96f42 e-flex e-con-boxed elementor-invisible e-con e-parent\" data-id=\"3e96f42\" data-element_type=\"container\" data-e-type=\"container\" data-settings=\"{&quot;background_background&quot;:&quot;classic&quot;,&quot;animation&quot;:&quot;fadeIn&quot;}\">\n\t\t\t\t\t<div class=\"e-con-inner\">\n\t\t<div class=\"elementor-element elementor-element-788440a e-con-full e-flex e-con e-child\" data-id=\"788440a\" data-element_type=\"container\" data-e-type=\"container\" data-settings=\"{&quot;background_background&quot;:&quot;classic&quot;}\">\n\t\t\t\t<div class=\"elementor-element elementor-element-aa0ecb1 elementor-widget__width-inherit elementor-invisible elementor-widget elementor-widget-heading\" data-id=\"aa0ecb1\" data-element_type=\"widget\" data-e-type=\"widget\" data-settings=\"{&quot;_animation&quot;:&quot;fadeInDown&quot;}\" data-widget_type=\"heading.default\">\n\t\t\t\t<div class=\"elementor-widget-container\">\n\t\t\t\t\t<h1 class=\"elementor-heading-title elementor-size-default\">Accessibilitat<\/h1>\t\t\t\t<\/div>\n\t\t\t\t<\/div>\n\t\t\t\t<\/div>\n\t\t\t\t\t<\/div>\n\t\t\t\t<\/div>\n\t\t<div class=\"elementor-element elementor-element-3224cda e-flex e-con-boxed e-con e-parent\" data-id=\"3224cda\" data-element_type=\"container\" data-e-type=\"container\">\n\t\t\t\t\t<div class=\"e-con-inner\">\n\t\t\t\t<div class=\"elementor-element elementor-element-0630a4f elementor-widget elementor-widget-text-editor\" data-id=\"0630a4f\" data-element_type=\"widget\" data-e-type=\"widget\" data-widget_type=\"text-editor.default\">\n\t\t\t\t<div class=\"elementor-widget-container\">\n\t\t\t\t\t\t\t\t\t<p dir=\"ltr\"><span style=\"vertical-align: inherit;\">Declaraci\u00f3 d&#8217;accessibilitat El propietari del lloc web s&#8217;ha comprom\u00e8s a fer accessible el seu lloc web de conformitat amb el Reial Decret 1112\/2018, de 7 de setembre, sobre accessibilitat dels llocs web i aplicacions per a dispositius m\u00f2bils del sector p\u00fablic (d&#8217;ara endavant, Reial Decret 1112\/2018, de 7 de setembre), pel que es trasllada 2 Parlament Europeu i del Consell, de 26 d&#8217;octubre de 2016. Aquesta declaraci\u00f3 s&#8217;aplica a aquest lloc web. Situaci\u00f3 de compliment Aquest lloc web \u00e9s parcialment conforme amb el Reial decret 1112\/2018, de 7 de setembre a causa de les excepcions i la manca de conformitat dels aspectes que s&#8217;indiquen a continuaci\u00f3. Contingut no accessible El contingut que es recull a continuaci\u00f3 no \u00e9s accessible pels motius seg\u00fcents: Manca de conformitat amb el Reial Decret 1112\/2018, de 7 de setembre:<\/span><\/p><ol><li dir=\"ltr\" aria-level=\"1\"><p dir=\"ltr\" role=\"presentation\"><span style=\"vertical-align: inherit;\">Algunes imatges no estan etiquetades o tenen una alternativa textual gen\u00e8rica [requisit n\u00famero 9.1.1.1 de la norma UNE-EN 301549:2019 Contingut no textual]<\/span><\/p><\/li><li dir=\"ltr\" aria-level=\"1\"><p dir=\"ltr\" role=\"presentation\"><span style=\"vertical-align: inherit;\">Alguns v\u00eddeos gravats poden no contenir subt\u00edtols [requisit n\u00famero 9.1.2.2 de la norma UNE-EN 301549:2019 subt\u00edtols (gravats)]<\/span><\/p><\/li><li dir=\"ltr\" aria-level=\"1\"><p dir=\"ltr\" role=\"presentation\"><span style=\"vertical-align: inherit;\">Alguns v\u00eddeos pregravats al lloc web no disposen d&#8217;\u00e0udio descripci\u00f3 o mitjans alternatius [requisits n\u00famero 9.1.2.5 i 9.1.2.3 de la norma UNE-EN 301549:2019<\/span><\/p><\/li><li dir=\"ltr\" aria-level=\"1\"><p dir=\"ltr\" role=\"presentation\"><span style=\"vertical-align: inherit;\">En algunes p\u00e0gines la informaci\u00f3, estructura i relacions no estan determinades per programari o no tenen alternativa com a text. [requisit n\u00famero 9.1.3.1 de la UNE-EN 301549:2019 d&#8217;informaci\u00f3 i relacions.<\/span><\/p><\/li><li dir=\"ltr\" aria-level=\"1\"><p dir=\"ltr\" role=\"presentation\"><span style=\"vertical-align: inherit;\">En algunes p\u00e0gines s&#8217;ha utilitzat el color com a \u00fanic mitj\u00e0 visual per transmetre informaci\u00f3, indicar una acci\u00f3, provocar una resposta o distingir un element visual [requisit n\u00famero 9.1.4.1 de la norma UNE-EN 301549:2019 \u00fas del color]<\/span><\/p><\/li><li dir=\"ltr\" aria-level=\"1\"><p dir=\"ltr\" role=\"presentation\"><span style=\"vertical-align: inherit;\">En algunes p\u00e0gines hi pot haver atributs i identificadors duplicats [requisit n\u00famero 9.4.1.1 de la norma UNE-EN 301549:2019 processament]<\/span><\/p><\/li><li dir=\"ltr\" aria-level=\"1\"><p dir=\"ltr\" role=\"presentation\"><span style=\"vertical-align: inherit;\">En algunes p\u00e0gines els components d&#8217;interf\u00edcie d&#8217;usuari com a elements de formulari, enlla\u00e7os i components generats per script no segueixen l&#8217;estructura recomanada per les pautes d&#8217;accessibilitat [requisit n\u00famero 9.4.1.2 de la norma UNE-EN 301549:2019 Nom, funci\u00f3, valor]<\/span><\/p><\/li><li dir=\"ltr\" aria-level=\"1\"><p dir=\"ltr\" role=\"presentation\"><span style=\"vertical-align: inherit;\">En alguns formularis, el camp d&#8217;entrada que recopila informaci\u00f3 sobre l&#8217;usuari no t\u00e9 identificat el prop\u00f2sit [requisit n\u00famero 9.1.3.5 de la norma UNE-EN 301549:2019 identificaci\u00f3 del prop\u00f2sit d&#8217;entrada]<\/span><\/p><\/li><li dir=\"ltr\" aria-level=\"1\"><p dir=\"ltr\" role=\"presentation\"><span style=\"vertical-align: inherit;\">En algunes p\u00e0gines la relaci\u00f3 de contrast en text o imatges podria no ser almenys 4.5:1 [requisit n\u00famero 9.1.4.3 de la norma UNE-EN 301549:2019 contrast m\u00ednim]<\/span><\/p><\/li><li dir=\"ltr\" aria-level=\"1\"><p dir=\"ltr\" role=\"presentation\"><span style=\"vertical-align: inherit;\">En algunes p\u00e0gines el contrast dels components d&#8217;interf\u00edcie d&#8217;usuari i d&#8217;objectes gr\u00e0fics podria no arribar al 3:1 amb els colors adjacents [requisit n\u00famero 9.1.4.11 de la norma UNE-EN 301549:2019 contrast no textual]<\/span><\/p><\/li><li dir=\"ltr\" aria-level=\"1\"><p dir=\"ltr\" role=\"presentation\"><span style=\"vertical-align: inherit;\">De manera puntual podria existir algun error d&#8217;entrada en algun camp\/formulari del qual no es notifiqu\u00e9s a l&#8217;usuari el suggeriment per solucionar-ho [requisit n\u00famero 9.3.3.3 de la norma UNE-EN 301549:2019 Suggeriment davant d&#8217;errors]<\/span><\/p><\/li><li dir=\"ltr\" aria-level=\"1\"><p dir=\"ltr\" role=\"presentation\"><span style=\"vertical-align: inherit;\">En algunes p\u00e0gines els missatges d&#8217;estat podrien no estar determinats mitjan\u00e7ant programaci\u00f3 mitjan\u00e7ant funcions o propietats [requisit n\u00famero 9.4.1.3 de la norma UNE-EN 301549:2019 missatges d&#8217;estat]<\/span><\/p><\/li><\/ol><p dir=\"ltr\"><span style=\"vertical-align: inherit;\">C\u00e0rrega desproporcionada No s&#8217;aplica El contingut no entra dins l&#8217;\u00e0mbit de la legislaci\u00f3 aplicable<\/span><\/p><ol><li dir=\"ltr\" aria-level=\"1\"><p dir=\"ltr\" role=\"presentation\"><span style=\"vertical-align: inherit;\">Podrien existir fitxers ofim\u00e0tics en PDF o altres formats publicats abans del 20 de setembre de 2018 que no compleixen \u00edntegrament tots els requisits d&#8217;accessibilitat.<\/span><\/p><\/li><\/ol><p dir=\"ltr\"><span style=\"vertical-align: inherit;\">Observacions i dades de contacte Es poden fer comunicacions sobre requisits d&#8217;accessibilitat (article 10.2.a del Reial decret 1112\/2018, de 7 de setembre), a trav\u00e9s del formulari de contacte, per exemple:<\/span><\/p><ul><li dir=\"ltr\" aria-level=\"1\"><p dir=\"ltr\" role=\"presentation\"><span style=\"vertical-align: inherit;\">Informar sobre qualsevol possible incompliment per part d&#8217;aquest lloc web<\/span><\/p><\/li><li dir=\"ltr\" aria-level=\"1\"><p dir=\"ltr\" role=\"presentation\"><span style=\"vertical-align: inherit;\">Transmetre altres dificultats d&#8217;acc\u00e9s al contingut<\/span><\/p><\/li><li dir=\"ltr\" aria-level=\"1\"><p dir=\"ltr\" role=\"presentation\"><span style=\"vertical-align: inherit;\">Formular qualsevol altra consulta o suggeriment de millora relativa a laccessibilitat del lloc web.<\/span><\/p><\/li><\/ul><p dir=\"ltr\"><span style=\"vertical-align: inherit;\">Les comunicacions seran rebudes i tractades per la Unitat Responsable dAccessibilitat.<\/span><\/p><p>\u00a0<\/p>\t\t\t\t\t\t\t\t<\/div>\n\t\t\t\t<\/div>\n\t\t\t\t\t<\/div>\n\t\t\t\t<\/div>\n\t\t\t\t<\/div>\n\t\t","protected":false},"excerpt":{"rendered":"<p>Declaraci\u00f3 d&#8217;accessibilitat El propietari del lloc web s&#8217;ha comprom\u00e8s a fer accessible el seu lloc web de conformitat amb el Reial Decret 1112\/2018, de 7 de setembre, sobre accessibilitat dels llocs web i aplicacions per a dispositius m\u00f2bils del sector p\u00fablic (d&#8217;ara endavant, Reial Decret 1112\/2018, de 7 de setembre), pel que es trasllada 2 [&hellip;]<\/p>\n","protected":false},"author":2,"featured_media":0,"parent":0,"menu_order":0,"comment_status":"closed","ping_status":"open","template":"elementor_header_footer","meta":{"_joinchat":[],"footnotes":""},"class_list":["post-19","page","type-page","status-publish","hentry"],"yoast_head":"<!-- This site is optimized with the Yoast SEO plugin v27.3 - https:\/\/yoast.com\/product\/yoast-seo-wordpress\/ -->\n<title>Accessibilitat - Calonge Pilates Studio<\/title>\n<meta name=\"robots\" content=\"noindex, follow\" \/>\n<meta property=\"og:locale\" content=\"es_ES\" \/>\n<meta property=\"og:type\" content=\"article\" \/>\n<meta property=\"og:title\" content=\"Accessibilitat - Calonge Pilates Studio\" \/>\n<meta property=\"og:description\" content=\"Declaraci\u00f3 d&#8217;accessibilitat El propietari del lloc web s&#8217;ha comprom\u00e8s a fer accessible el seu lloc web de conformitat amb el Reial Decret 1112\/2018, de 7 de setembre, sobre accessibilitat dels llocs web i aplicacions per a dispositius m\u00f2bils del sector p\u00fablic (d&#8217;ara endavant, Reial Decret 1112\/2018, de 7 de setembre), pel que es trasllada 2 [&hellip;]\" \/>\n<meta property=\"og:url\" content=\"https:\/\/calongepilates.com\/es\/accessibilitat\/\" \/>\n<meta property=\"og:site_name\" content=\"Calonge Pilates Studio\" \/>\n<meta property=\"article:modified_time\" content=\"2025-04-15T12:31:54+00:00\" \/>\n<meta name=\"twitter:card\" content=\"summary_large_image\" \/>\n<meta name=\"twitter:label1\" content=\"Tiempo de lectura\" \/>\n\t<meta name=\"twitter:data1\" content=\"3 minutos\" \/>\n<script type=\"application\/ld+json\" class=\"yoast-schema-graph\">{\"@context\":\"https:\\\/\\\/schema.org\",\"@graph\":[{\"@type\":\"WebPage\",\"@id\":\"https:\\\/\\\/calongepilates.com\\\/accessibilitat\\\/\",\"url\":\"https:\\\/\\\/calongepilates.com\\\/accessibilitat\\\/\",\"name\":\"Accessibilitat - Calonge Pilates Studio\",\"isPartOf\":{\"@id\":\"https:\\\/\\\/calongepilates.com\\\/#website\"},\"datePublished\":\"2025-01-27T07:52:32+00:00\",\"dateModified\":\"2025-04-15T12:31:54+00:00\",\"breadcrumb\":{\"@id\":\"https:\\\/\\\/calongepilates.com\\\/accessibilitat\\\/#breadcrumb\"},\"inLanguage\":\"es\",\"potentialAction\":[{\"@type\":\"ReadAction\",\"target\":[\"https:\\\/\\\/calongepilates.com\\\/accessibilitat\\\/\"]}]},{\"@type\":\"BreadcrumbList\",\"@id\":\"https:\\\/\\\/calongepilates.com\\\/accessibilitat\\\/#breadcrumb\",\"itemListElement\":[{\"@type\":\"ListItem\",\"position\":1,\"name\":\"Portada\",\"item\":\"https:\\\/\\\/calongepilates.com\\\/\"},{\"@type\":\"ListItem\",\"position\":2,\"name\":\"Accessibilitat\"}]},{\"@type\":\"WebSite\",\"@id\":\"https:\\\/\\\/calongepilates.com\\\/#website\",\"url\":\"https:\\\/\\\/calongepilates.com\\\/\",\"name\":\"Calonge Pilates Studio\",\"description\":\"\",\"potentialAction\":[{\"@type\":\"SearchAction\",\"target\":{\"@type\":\"EntryPoint\",\"urlTemplate\":\"https:\\\/\\\/calongepilates.com\\\/?s={search_term_string}\"},\"query-input\":{\"@type\":\"PropertyValueSpecification\",\"valueRequired\":true,\"valueName\":\"search_term_string\"}}],\"inLanguage\":\"es\"}]}<\/script>\n<!-- \/ Yoast SEO plugin. -->","yoast_head_json":{"title":"Accessibilitat - Calonge Pilates Studio","robots":{"index":"noindex","follow":"follow"},"og_locale":"es_ES","og_type":"article","og_title":"Accessibilitat - Calonge Pilates Studio","og_description":"Declaraci\u00f3 d&#8217;accessibilitat El propietari del lloc web s&#8217;ha comprom\u00e8s a fer accessible el seu lloc web de conformitat amb el Reial Decret 1112\/2018, de 7 de setembre, sobre accessibilitat dels llocs web i aplicacions per a dispositius m\u00f2bils del sector p\u00fablic (d&#8217;ara endavant, Reial Decret 1112\/2018, de 7 de setembre), pel que es trasllada 2 [&hellip;]","og_url":"https:\/\/calongepilates.com\/es\/accessibilitat\/","og_site_name":"Calonge Pilates Studio","article_modified_time":"2025-04-15T12:31:54+00:00","twitter_card":"summary_large_image","twitter_misc":{"Tiempo de lectura":"3 minutos"},"schema":{"@context":"https:\/\/schema.org","@graph":[{"@type":"WebPage","@id":"https:\/\/calongepilates.com\/accessibilitat\/","url":"https:\/\/calongepilates.com\/accessibilitat\/","name":"Accessibilitat - Calonge Pilates Studio","isPartOf":{"@id":"https:\/\/calongepilates.com\/#website"},"datePublished":"2025-01-27T07:52:32+00:00","dateModified":"2025-04-15T12:31:54+00:00","breadcrumb":{"@id":"https:\/\/calongepilates.com\/accessibilitat\/#breadcrumb"},"inLanguage":"es","potentialAction":[{"@type":"ReadAction","target":["https:\/\/calongepilates.com\/accessibilitat\/"]}]},{"@type":"BreadcrumbList","@id":"https:\/\/calongepilates.com\/accessibilitat\/#breadcrumb","itemListElement":[{"@type":"ListItem","position":1,"name":"Portada","item":"https:\/\/calongepilates.com\/"},{"@type":"ListItem","position":2,"name":"Accessibilitat"}]},{"@type":"WebSite","@id":"https:\/\/calongepilates.com\/#website","url":"https:\/\/calongepilates.com\/","name":"Calonge Pilates Studio","description":"","potentialAction":[{"@type":"SearchAction","target":{"@type":"EntryPoint","urlTemplate":"https:\/\/calongepilates.com\/?s={search_term_string}"},"query-input":{"@type":"PropertyValueSpecification","valueRequired":true,"valueName":"search_term_string"}}],"inLanguage":"es"}]}},"_links":{"self":[{"href":"https:\/\/calongepilates.com\/es\/wp-json\/wp\/v2\/pages\/19","targetHints":{"allow":["GET"]}}],"collection":[{"href":"https:\/\/calongepilates.com\/es\/wp-json\/wp\/v2\/pages"}],"about":[{"href":"https:\/\/calongepilates.com\/es\/wp-json\/wp\/v2\/types\/page"}],"author":[{"embeddable":true,"href":"https:\/\/calongepilates.com\/es\/wp-json\/wp\/v2\/users\/2"}],"replies":[{"embeddable":true,"href":"https:\/\/calongepilates.com\/es\/wp-json\/wp\/v2\/comments?post=19"}],"version-history":[{"count":14,"href":"https:\/\/calongepilates.com\/es\/wp-json\/wp\/v2\/pages\/19\/revisions"}],"predecessor-version":[{"id":351,"href":"https:\/\/calongepilates.com\/es\/wp-json\/wp\/v2\/pages\/19\/revisions\/351"}],"wp:attachment":[{"href":"https:\/\/calongepilates.com\/es\/wp-json\/wp\/v2\/media?parent=19"}],"curies":[{"name":"wp","href":"https:\/\/api.w.org\/{rel}","templated":true}]}}